{"id":2,"date":"2020-06-22T08:28:27","date_gmt":"2020-06-22T08:28:27","guid":{"rendered":"https:\/\/optiriser.com\/?page_id=2"},"modified":"2024-02-07T23:35:30","modified_gmt":"2024-02-07T23:35:30","slug":"optiriser","status":"publish","type":"page","link":"https:\/\/optiriser.com\/","title":{"rendered":"OptiRiser Home"},"content":{"rendered":"\n<p><br><\/p>\n\n\n\n<p>OptiRiser \u00e9merge comme un acteur dynamique, dans le domaine des G\u00e9osciences et du G\u00e9nie Civil, <br>se positionnant comme un partenaire d\u00e9vou\u00e9 \u00e0 fournir des solutions novatrices et adapt\u00e9es. <br><br>Notre engagement principal, r\u00e9side dans l&#8217;\u00e9tablissement d&#8217;une relation de confiance, avec nos clients, <br>soutenu par notre expertise technique pointue, et notre service personnalis\u00e9, qui va au-del\u00e0 des attentes conventionnelles.<\/p>\n\n\n\n<h2><p>Notre rayonnement s&#8217;\u00e9tend \u00e0 l&#8217;\u00e9chelle internationale, <br>avec des services sp\u00e9cialis\u00e9s ax\u00e9s sur les analyses g\u00e9otechniques et l&#8217;ing\u00e9nierie civile, con\u00e7us pour relever les d\u00e9fis globaux. <br><br>Ceci facilite une collaboration fructueuse. avec des partenaires internationaux, positionnant OptiRiser comme un choix privil\u00e9gi\u00e9 pour des projets d&#8217;envergure mondiale.<\/p><h2>\n\n\n\n<p>En effet, Dans le contexte local du Maroc, nous nous positionnons comme un alli\u00e9 incontournable pour le d\u00e9veloppement <br>de projets, apportant une expertise ancr\u00e9e dans la r\u00e9alit\u00e9 locale en g\u00e9osciences et g\u00e9nie civil. <br><\/p>\n\n\n\n<p>So, Notre engagement envers la r\u00e9ussite des projets se refl\u00e8te dans notre approche proactive et adaptative, <br>travaillant en tandem avec nos clients pour concr\u00e9tiser leurs ambitions.<\/p>\n\n\n\n<p>So, OptiRiser se distingue \u00e9galement en tant que pionnier dans l&#8217;adoption de solutions digitales r\u00e9volutionnaires d\u00e9di\u00e9es aux g\u00e9osciences. <br><br>Therefore, Nous avons d\u00e9velopp\u00e9 des outils sp\u00e9cifiques \u00e0 la g\u00e9otechnique, <br>So, introduisant ainsi une dimension num\u00e9rique dans notre approche, conduisant nos clients vers l&#8217;excellence et l&#8217;efficacit\u00e9 technologique. <br><br>So, Cette innovation constante dans les domaines des g\u00e9osciences et du g\u00e9nie civil constitue notre contribution significative \u00e0 l&#8217;\u00e9volution du secteur.<\/p>\n\n\n\n<p>En optant pour OptiRiser, vous vous engagez sur la voie de la r\u00e9ussite de vos projets, <br>So, b\u00e9n\u00e9ficiant de notre approche fra\u00eeche et engag\u00e9e envers l&#8217;atteinte de vos objectifs. <br><br>So, Nous vous invitons \u00e0 nous contacter afin d&#8217;explorer de quelle mani\u00e8re notre expertise peut contribuer \u00e0 la r\u00e9alisation de vos ambitions. <br><br>Restez \u00e0 l&#8217;avant-garde de l&#8217;innovation en suivant notre parcours, car chez OptiRiser, l&#8217;avenir des G\u00e9osciences et du G\u00e9nie Civil prend une nouvelle perspective, r\u00e9solument tourn\u00e9e vers l&#8217;excellence et l&#8217;innovation.<\/p>\n\n\n\n<p><a href=\"http:\/\/www.optiriser.com\">Home<\/a><\/p>\n\n\n\n<p><a href=\"https:\/\/optiriser.com\/?page_id=11\">Discover our service on morocco<\/a><\/p>\n\n\n\n<figure class=\"wp-block-gallery has-nested-images columns-default is-cropped wp-block-gallery-1 is-layout-flex wp-block-gallery-is-layout-flex\">\n<figure class=\"wp-block-image size-large\"><img fetchpriority=\"high\" decoding=\"async\" width=\"1200\" height=\"681\" data-id=\"157\" src=\"https:\/\/optiriser.com\/wp-content\/uploads\/2024\/02\/Capture-decran-2024-02-06-215657-1200x681.png\" alt=\"optiriser home\" class=\"wp-image-157\" srcset=\"https:\/\/optiriser.com\/wp-content\/uploads\/2024\/02\/Capture-decran-2024-02-06-215657-1200x681.png 1200w, https:\/\/optiriser.com\/wp-content\/uploads\/2024\/02\/Capture-decran-2024-02-06-215657-500x284.png 500w, https:\/\/optiriser.com\/wp-content\/uploads\/2024\/02\/Capture-decran-2024-02-06-215657-300x170.png 300w, https:\/\/optiriser.com\/wp-content\/uploads\/2024\/02\/Capture-decran-2024-02-06-215657-768x436.png 768w, https:\/\/optiriser.com\/wp-content\/uploads\/2024\/02\/Capture-decran-2024-02-06-215657-1536x871.png 1536w, https:\/\/optiriser.com\/wp-content\/uploads\/2024\/02\/Capture-decran-2024-02-06-215657-132x75.png 132w, https:\/\/optiriser.com\/wp-content\/uploads\/2024\/02\/Capture-decran-2024-02-06-215657-480x272.png 480w, https:\/\/optiriser.com\/wp-content\/uploads\/2024\/02\/Capture-decran-2024-02-06-215657.png 1597w\" sizes=\"(max-width:767px) 480px, (max-width:1200px) 100vw, 1200px\" \/><\/figure>\n<\/figure>\n\n\n\n<p><\/p>\n","protected":false},"excerpt":{"rendered":"<p>OptiRiser \u00e9merge comme un acteur dynamique, dans le domaine des G\u00e9osciences et du G\u00e9nie Civil, se positionnant comme un partenaire d\u00e9vou\u00e9 \u00e0 fournir des solutions novatrices<span class=\"excerpt-hellip\"> [\u2026]<\/span><\/p>\n","protected":false},"author":1,"featured_media":0,"parent":0,"menu_order":0,"comment_status":"open","ping_status":"closed","template":"","meta":{"_joinchat":[],"footnotes":""},"class_list":["post-2","page","type-page","status-publish","hentry"],"yoast_head":"<!-- This site is optimized with the Yoast SEO plugin v26.6 - https:\/\/yoast.com\/wordpress\/plugins\/seo\/ -->\n<title>OptiRiser Home - OptiRiser<\/title>\n<meta name=\"description\" content=\"Bienvenue chez OptiRiser : Votre partenaire d&#039;optimisation mondiale pour booster votre succ\u00e8s qui n&#039;a pas de prix!\" \/>\n<meta name=\"robots\" content=\"index, follow, max-snippet:-1, max-image-preview:large, max-video-preview:-1\" \/>\n<link rel=\"canonical\" href=\"https:\/\/optiriser.com\/\" \/>\n<meta property=\"og:locale\" content=\"en_US\" \/>\n<meta property=\"og:type\" content=\"article\" \/>\n<meta property=\"og:title\" content=\"OptiRiser Home - OptiRiser\" \/>\n<meta property=\"og:description\" content=\"Bienvenue chez OptiRiser : Votre partenaire d&#039;optimisation mondiale pour booster votre succ\u00e8s qui n&#039;a pas de prix!\" \/>\n<meta property=\"og:url\" content=\"https:\/\/optiriser.com\/\" \/>\n<meta property=\"og:site_name\" content=\"OptiRiser\" \/>\n<meta property=\"article:modified_time\" content=\"2024-02-07T23:35:30+00:00\" \/>\n<meta property=\"og:image\" content=\"https:\/\/optiriser.com\/wp-content\/uploads\/2024\/02\/Capture-decran-2024-02-06-215657-1200x681.png\" \/>\n<meta name=\"twitter:card\" content=\"summary_large_image\" \/>\n<meta name=\"twitter:label1\" content=\"Est. reading time\" \/>\n\t<meta name=\"twitter:data1\" content=\"2 minutes\" \/>\n<script type=\"application\/ld+json\" class=\"yoast-schema-graph\">{\"@context\":\"https:\/\/schema.org\",\"@graph\":[{\"@type\":\"WebPage\",\"@id\":\"https:\/\/optiriser.com\/\",\"url\":\"https:\/\/optiriser.com\/\",\"name\":\"OptiRiser Home - OptiRiser\",\"isPartOf\":{\"@id\":\"https:\/\/optiriser.com\/#website\"},\"primaryImageOfPage\":{\"@id\":\"https:\/\/optiriser.com\/#primaryimage\"},\"image\":{\"@id\":\"https:\/\/optiriser.com\/#primaryimage\"},\"thumbnailUrl\":\"https:\/\/optiriser.com\/wp-content\/uploads\/2024\/02\/Capture-decran-2024-02-06-215657-1200x681.png\",\"datePublished\":\"2020-06-22T08:28:27+00:00\",\"dateModified\":\"2024-02-07T23:35:30+00:00\",\"description\":\"Bienvenue chez OptiRiser : Votre partenaire d'optimisation mondiale pour booster votre succ\u00e8s qui n'a pas de prix!\",\"breadcrumb\":{\"@id\":\"https:\/\/optiriser.com\/#breadcrumb\"},\"inLanguage\":\"en-US\",\"potentialAction\":[{\"@type\":\"ReadAction\",\"target\":[\"https:\/\/optiriser.com\/\"]}]},{\"@type\":\"ImageObject\",\"inLanguage\":\"en-US\",\"@id\":\"https:\/\/optiriser.com\/#primaryimage\",\"url\":\"https:\/\/optiriser.com\/wp-content\/uploads\/2024\/02\/Capture-decran-2024-02-06-215657.png\",\"contentUrl\":\"https:\/\/optiriser.com\/wp-content\/uploads\/2024\/02\/Capture-decran-2024-02-06-215657.png\",\"width\":1597,\"height\":906},{\"@type\":\"BreadcrumbList\",\"@id\":\"https:\/\/optiriser.com\/#breadcrumb\",\"itemListElement\":[{\"@type\":\"ListItem\",\"position\":1,\"name\":\"Home\",\"item\":\"https:\/\/optiriser.com\/\"},{\"@type\":\"ListItem\",\"position\":2,\"name\":\"OptiRiser Home\"}]},{\"@type\":\"WebSite\",\"@id\":\"https:\/\/optiriser.com\/#website\",\"url\":\"https:\/\/optiriser.com\/\",\"name\":\"OptiRiser\",\"description\":\"\",\"potentialAction\":[{\"@type\":\"SearchAction\",\"target\":{\"@type\":\"EntryPoint\",\"urlTemplate\":\"https:\/\/optiriser.com\/?s={search_term_string}\"},\"query-input\":{\"@type\":\"PropertyValueSpecification\",\"valueRequired\":true,\"valueName\":\"search_term_string\"}}],\"inLanguage\":\"en-US\"}]}<\/script>\n<!-- \/ Yoast SEO plugin. -->","yoast_head_json":{"title":"OptiRiser Home - OptiRiser","description":"Bienvenue chez OptiRiser : Votre partenaire d'optimisation mondiale pour booster votre succ\u00e8s qui n'a pas de prix!","robots":{"index":"index","follow":"follow","max-snippet":"max-snippet:-1","max-image-preview":"max-image-preview:large","max-video-preview":"max-video-preview:-1"},"canonical":"https:\/\/optiriser.com\/","og_locale":"en_US","og_type":"article","og_title":"OptiRiser Home - OptiRiser","og_description":"Bienvenue chez OptiRiser : Votre partenaire d'optimisation mondiale pour booster votre succ\u00e8s qui n'a pas de prix!","og_url":"https:\/\/optiriser.com\/","og_site_name":"OptiRiser","article_modified_time":"2024-02-07T23:35:30+00:00","og_image":[{"url":"https:\/\/optiriser.com\/wp-content\/uploads\/2024\/02\/Capture-decran-2024-02-06-215657-1200x681.png","type":"","width":"","height":""}],"twitter_card":"summary_large_image","twitter_misc":{"Est. reading time":"2 minutes"},"schema":{"@context":"https:\/\/schema.org","@graph":[{"@type":"WebPage","@id":"https:\/\/optiriser.com\/","url":"https:\/\/optiriser.com\/","name":"OptiRiser Home - OptiRiser","isPartOf":{"@id":"https:\/\/optiriser.com\/#website"},"primaryImageOfPage":{"@id":"https:\/\/optiriser.com\/#primaryimage"},"image":{"@id":"https:\/\/optiriser.com\/#primaryimage"},"thumbnailUrl":"https:\/\/optiriser.com\/wp-content\/uploads\/2024\/02\/Capture-decran-2024-02-06-215657-1200x681.png","datePublished":"2020-06-22T08:28:27+00:00","dateModified":"2024-02-07T23:35:30+00:00","description":"Bienvenue chez OptiRiser : Votre partenaire d'optimisation mondiale pour booster votre succ\u00e8s qui n'a pas de prix!","breadcrumb":{"@id":"https:\/\/optiriser.com\/#breadcrumb"},"inLanguage":"en-US","potentialAction":[{"@type":"ReadAction","target":["https:\/\/optiriser.com\/"]}]},{"@type":"ImageObject","inLanguage":"en-US","@id":"https:\/\/optiriser.com\/#primaryimage","url":"https:\/\/optiriser.com\/wp-content\/uploads\/2024\/02\/Capture-decran-2024-02-06-215657.png","contentUrl":"https:\/\/optiriser.com\/wp-content\/uploads\/2024\/02\/Capture-decran-2024-02-06-215657.png","width":1597,"height":906},{"@type":"BreadcrumbList","@id":"https:\/\/optiriser.com\/#breadcrumb","itemListElement":[{"@type":"ListItem","position":1,"name":"Home","item":"https:\/\/optiriser.com\/"},{"@type":"ListItem","position":2,"name":"OptiRiser Home"}]},{"@type":"WebSite","@id":"https:\/\/optiriser.com\/#website","url":"https:\/\/optiriser.com\/","name":"OptiRiser","description":"","potentialAction":[{"@type":"SearchAction","target":{"@type":"EntryPoint","urlTemplate":"https:\/\/optiriser.com\/?s={search_term_string}"},"query-input":{"@type":"PropertyValueSpecification","valueRequired":true,"valueName":"search_term_string"}}],"inLanguage":"en-US"}]}},"_links":{"self":[{"href":"https:\/\/optiriser.com\/index.php?rest_route=\/wp\/v2\/pages\/2","targetHints":{"allow":["GET"]}}],"collection":[{"href":"https:\/\/optiriser.com\/index.php?rest_route=\/wp\/v2\/pages"}],"about":[{"href":"https:\/\/optiriser.com\/index.php?rest_route=\/wp\/v2\/types\/page"}],"author":[{"embeddable":true,"href":"https:\/\/optiriser.com\/index.php?rest_route=\/wp\/v2\/users\/1"}],"replies":[{"embeddable":true,"href":"https:\/\/optiriser.com\/index.php?rest_route=%2Fwp%2Fv2%2Fcomments&post=2"}],"version-history":[{"count":5,"href":"https:\/\/optiriser.com\/index.php?rest_route=\/wp\/v2\/pages\/2\/revisions"}],"predecessor-version":[{"id":162,"href":"https:\/\/optiriser.com\/index.php?rest_route=\/wp\/v2\/pages\/2\/revisions\/162"}],"wp:attachment":[{"href":"https:\/\/optiriser.com\/index.php?rest_route=%2Fwp%2Fv2%2Fmedia&parent=2"}],"curies":[{"name":"wp","href":"https:\/\/api.w.org\/{rel}","templated":true}]}}